{"id":4171,"date":"2024-08-19T15:42:50","date_gmt":"2024-08-19T15:42:50","guid":{"rendered":"https:\/\/www.dussaiga.it\/?page_id=4171"},"modified":"2024-08-19T15:46:08","modified_gmt":"2024-08-19T15:46:08","slug":"cookie-policy","status":"publish","type":"page","link":"https:\/\/www.dussaiga.it\/de\/cookie-policy\/","title":{"rendered":"Cookie Policy"},"content":{"rendered":"<div class=\"fusion-fullwidth fullwidth-box fusion-builder-row-1 nonhundred-percent-fullwidth non-hundred-percent-height-scrolling\" style=\"--awb-border-radius-top-left:0px;--awb-border-radius-top-right:0px;--awb-border-radius-bottom-right:0px;--awb-border-radius-bottom-left:0px;--awb-flex-wrap:wrap;\" ><div class=\"fusion-builder-row fusion-row\"><div class=\"fusion-layout-column fusion_builder_column fusion-builder-column-0 fusion_builder_column_1_1 1_1 fusion-one-full fusion-column-first fusion-column-last\" style=\"--awb-bg-size:cover;--awb-margin-bottom:0px;\"><div class=\"fusion-column-wrapper fusion-flex-column-wrapper-legacy\"><div class=\"fusion-text fusion-text-1\"><style>\n    a.cky-banner-element {<br \/>        padding: 8px 30px;<br \/>        background: #F8F9FA;<br \/>        color: #858A8F;<br \/>        border: 1px solid #DEE2E6;<br \/>        box-sizing: border-box;<br \/>        border-radius: 2px;<br \/>        cursor: pointer;<br \/>}<br \/><\/style>\n<h1 class=\"cookie-policy-h1\">Cookie-Richtlinie<\/h1>\n<p>G\u00fcltig ab: 19. August 2024<br \/>\nZuletzt aktualisiert: 19. August 2024<\/p>\n<p>&nbsp;<\/p>\n<h3>Was sind Cookies?<\/h3>\n<div class=\"cookie-policy-p\">\n<p>Diese Cookie-Richtlinie erkl\u00e4rt, was Cookies sind und wie wir sie verwenden, welche Arten von Cookies wir verwenden, d. h. welche Informationen wir mithilfe von Cookies sammeln und wie diese Informationen verwendet werden und wie die Cookie-Einstellungen verwaltet werden.<\/p>\n<p>Cookies sind kleine Textdateien, die zum Speichern kleiner Informationen verwendet werden. Sie werden auf Ihrem Ger\u00e4t gespeichert, wenn die Website in Ihren Browser geladen wird. Diese Cookies helfen uns dabei, die Website ordnungsgem\u00e4\u00df funktionieren zu lassen, sie sicherer zu machen, ein besseres Benutzererlebnis zu bieten und zu verstehen, wie die Website funktioniert und zu analysieren, was funktioniert und wo Verbesserungen erforderlich sind.<\/p>\n<\/div>\n<p>&nbsp;<\/p>\n<h3>Wie verwenden wir Cookies?<\/h3>\n<div class=\"cookie-policy-p\">\n<p>Wie die meisten Onlinedienste verwendet unsere Website Erstanbieter- und Drittanbieter-Cookies f\u00fcr verschiedene Zwecke. Erstanbieter-Cookies sind meist erforderlich, damit die Website ordnungsgem\u00e4\u00df funktioniert, und sie erfassen keine personenbezogenen Daten von Ihnen.<\/p>\n<p>Die auf unserer Website verwendeten Drittanbieter-Cookies dienen haupts\u00e4chlich dazu, die Leistung der Website zu verstehen, Ihre Interaktion mit unserer Website zu verbessern, unsere Dienste sicher zu halten, f\u00fcr Sie relevante Werbung bereitzustellen und Ihnen insgesamt ein besseres und verbessertes Benutzererlebnis zu bieten und Ihre zuk\u00fcnftigen Interaktionen mit unserer Website zu beschleunigen.<\/p>\n<\/div>\n<p>&nbsp;<\/p>\n<h3>Arten von Cookies, die wir verwenden<\/h3>\n<div class=\"cky-audit-table-element\"><\/div>\n<p>&nbsp;<\/p>\n<h3 style=\"margin-bottom: 20px;\">Cookie-Einstellungen verwalten<\/h3>\n<p><a class=\"cky-banner-element\">Cookie-Einstellungen<\/a><\/p>\n<div>\n<p>Sie k\u00f6nnen Ihre Cookie-Einstellungen jederzeit \u00e4ndern, indem Sie auf die obige Schaltfl\u00e4che klicken. Dadurch k\u00f6nnen Sie das Cookie-Einwilligungsbanner erneut aufrufen und Ihre Einstellungen \u00e4ndern oder Ihre Einwilligung sofort widerrufen.<\/p>\n<p>Dar\u00fcber hinaus bieten verschiedene Browser unterschiedliche Methoden zum Blockieren und L\u00f6schen von Cookies, die von Websites verwendet werden. Sie k\u00f6nnen die Einstellungen Ihres Browsers \u00e4ndern, um die Cookies zu blockieren\/l\u00f6schen. Nachfolgend finden Sie die Links zu den Supportdokumenten zum Verwalten und L\u00f6schen von Cookies in den wichtigsten Webbrowsern.<\/p>\n<p>Chrome: <a href=\"https:\/\/support.google.com\/accounts\/answer\/32050\" target=\"_blank\" rel=\"noopener\">https:\/\/support.google.com\/accounts\/answer\/32050<\/a><\/p>\n<p>Safari: <a href=\"https:\/\/support.apple.com\/en-in\/guide\/safari\/sfri11471\/mac\" target=\"_blank\" rel=\"noopener\">https:\/\/support.apple.com\/en-in\/guide\/safari\/sfri11471\/mac<\/a><\/p>\n<p>Firefox: <a href=\"https:\/\/support.mozilla.org\/en-US\/kb\/clear-cookies-and-site-data-firefox?redirectslug=delete-cookies-remove-info-websites-stored&amp;redirectlocale=en-US\" target=\"_blank\" rel=\"noopener\">https:\/\/support.mozilla.org\/en-US\/kb\/clear-cookies-and-site-data-firefox?redirectslug=delete-cookies-remove-info-websites-stored&amp;redirectlocale=en-US<\/a><\/p>\n<p>Internet Explorer: <a href=\"https:\/\/support.microsoft.com\/en-us\/topic\/how-to-delete-cookie-files-in-internet-explorer-bca9446f-d873-78de-77ba-d42645fa52fc\" target=\"_blank\" rel=\"noopener\">https:\/\/support.microsoft.com\/en-us\/topic\/how-to-delete-cookie-files-in-internet-explorer-bca9446f-d873-78de-77ba-d42645fa52fc<\/a><\/p>\n<p>Wenn Sie einen anderen Webbrowser verwenden, besuchen Sie bitte die offiziellen Supportdokumente Ihres Browsers.<\/p>\n<\/div>\n<p>&nbsp;<\/p>\n<p class=\"cookie-policy-p\">Cookie-Richtlinie Erstellt von <a href=\"https:\/\/www.cookieyes.com\/?utm_source=CP&amp;utm_medium=footer&amp;utm_campaign=UW\" target=\"_blank\" rel=\"noopener\">CookieYes &#8211; Cookie Policy Generator<\/a>.<\/p>\n<\/div><div class=\"fusion-clearfix\"><\/div><\/div><\/div><\/div><\/div>\n","protected":false},"excerpt":{"rendered":"","protected":false},"author":6,"featured_media":0,"parent":0,"menu_order":0,"comment_status":"closed","ping_status":"closed","template":"","meta":{"footnotes":""},"yoast_head":"<!-- This site is optimized with the Yoast SEO plugin v22.9 - https:\/\/yoast.com\/wordpress\/plugins\/seo\/ -->\n<title>Cookie Policy - Dussaiga - Bed &amp; breakfast<\/title>\n<meta name=\"robots\" content=\"index, follow, max-snippet:-1, max-image-preview:large, max-video-preview:-1\" \/>\n<link rel=\"canonical\" href=\"https:\/\/www.dussaiga.it\/de\/cookie-policy\/\" \/>\n<meta property=\"og:locale\" content=\"de_DE\" \/>\n<meta property=\"og:type\" content=\"article\" \/>\n<meta property=\"og:title\" content=\"Cookie Policy - Dussaiga - Bed &amp; breakfast\" \/>\n<meta property=\"og:url\" content=\"https:\/\/www.dussaiga.it\/de\/cookie-policy\/\" \/>\n<meta property=\"og:site_name\" content=\"Dussaiga - Bed &amp; breakfast\" \/>\n<meta property=\"article:modified_time\" content=\"2024-08-19T15:46:08+00:00\" \/>\n<meta name=\"twitter:card\" content=\"summary_large_image\" \/>\n<meta name=\"twitter:label1\" content=\"Gesch\u00e4tzte Lesezeit\" \/>\n\t<meta name=\"twitter:data1\" content=\"2\u00a0Minuten\" \/>\n<script type=\"application\/ld+json\" class=\"yoast-schema-graph\">{\"@context\":\"https:\/\/schema.org\",\"@graph\":[{\"@type\":\"WebPage\",\"@id\":\"https:\/\/www.dussaiga.it\/de\/cookie-policy\/\",\"url\":\"https:\/\/www.dussaiga.it\/de\/cookie-policy\/\",\"name\":\"Cookie Policy - Dussaiga - Bed &amp; breakfast\",\"isPartOf\":{\"@id\":\"https:\/\/www.dussaiga.it\/#website\"},\"datePublished\":\"2024-08-19T15:42:50+00:00\",\"dateModified\":\"2024-08-19T15:46:08+00:00\",\"breadcrumb\":{\"@id\":\"https:\/\/www.dussaiga.it\/de\/cookie-policy\/#breadcrumb\"},\"inLanguage\":\"de\",\"potentialAction\":[{\"@type\":\"ReadAction\",\"target\":[\"https:\/\/www.dussaiga.it\/de\/cookie-policy\/\"]}]},{\"@type\":\"BreadcrumbList\",\"@id\":\"https:\/\/www.dussaiga.it\/de\/cookie-policy\/#breadcrumb\",\"itemListElement\":[{\"@type\":\"ListItem\",\"position\":1,\"name\":\"Home\",\"item\":\"https:\/\/www.dussaiga.it\/de\/\"},{\"@type\":\"ListItem\",\"position\":2,\"name\":\"Cookie Policy\"}]},{\"@type\":\"WebSite\",\"@id\":\"https:\/\/www.dussaiga.it\/#website\",\"url\":\"https:\/\/www.dussaiga.it\/\",\"name\":\"Dussaiga - Bed &amp; breakfast\",\"description\":\"Dussaiga - Bed &amp; breakfast a Dolceacqua, Imperia - Home and room holidays in Dolceacqua, Imperia, Italy\",\"potentialAction\":[{\"@type\":\"SearchAction\",\"target\":{\"@type\":\"EntryPoint\",\"urlTemplate\":\"https:\/\/www.dussaiga.it\/?s={search_term_string}\"},\"query-input\":\"required name=search_term_string\"}],\"inLanguage\":\"de\"}]}<\/script>\n<!-- \/ Yoast SEO plugin. -->","yoast_head_json":{"title":"Cookie Policy - Dussaiga - Bed &amp; breakfast","robots":{"index":"index","follow":"follow","max-snippet":"max-snippet:-1","max-image-preview":"max-image-preview:large","max-video-preview":"max-video-preview:-1"},"canonical":"https:\/\/www.dussaiga.it\/de\/cookie-policy\/","og_locale":"de_DE","og_type":"article","og_title":"Cookie Policy - Dussaiga - Bed &amp; breakfast","og_url":"https:\/\/www.dussaiga.it\/de\/cookie-policy\/","og_site_name":"Dussaiga - Bed &amp; breakfast","article_modified_time":"2024-08-19T15:46:08+00:00","twitter_card":"summary_large_image","twitter_misc":{"Gesch\u00e4tzte Lesezeit":"2\u00a0Minuten"},"schema":{"@context":"https:\/\/schema.org","@graph":[{"@type":"WebPage","@id":"https:\/\/www.dussaiga.it\/de\/cookie-policy\/","url":"https:\/\/www.dussaiga.it\/de\/cookie-policy\/","name":"Cookie Policy - Dussaiga - Bed &amp; breakfast","isPartOf":{"@id":"https:\/\/www.dussaiga.it\/#website"},"datePublished":"2024-08-19T15:42:50+00:00","dateModified":"2024-08-19T15:46:08+00:00","breadcrumb":{"@id":"https:\/\/www.dussaiga.it\/de\/cookie-policy\/#breadcrumb"},"inLanguage":"de","potentialAction":[{"@type":"ReadAction","target":["https:\/\/www.dussaiga.it\/de\/cookie-policy\/"]}]},{"@type":"BreadcrumbList","@id":"https:\/\/www.dussaiga.it\/de\/cookie-policy\/#breadcrumb","itemListElement":[{"@type":"ListItem","position":1,"name":"Home","item":"https:\/\/www.dussaiga.it\/de\/"},{"@type":"ListItem","position":2,"name":"Cookie Policy"}]},{"@type":"WebSite","@id":"https:\/\/www.dussaiga.it\/#website","url":"https:\/\/www.dussaiga.it\/","name":"Dussaiga - Bed &amp; breakfast","description":"Dussaiga - Bed &amp; breakfast a Dolceacqua, Imperia - Home and room holidays in Dolceacqua, Imperia, Italy","potentialAction":[{"@type":"SearchAction","target":{"@type":"EntryPoint","urlTemplate":"https:\/\/www.dussaiga.it\/?s={search_term_string}"},"query-input":"required name=search_term_string"}],"inLanguage":"de"}]}},"_links":{"self":[{"href":"https:\/\/www.dussaiga.it\/de\/wp-json\/wp\/v2\/pages\/4171"}],"collection":[{"href":"https:\/\/www.dussaiga.it\/de\/wp-json\/wp\/v2\/pages"}],"about":[{"href":"https:\/\/www.dussaiga.it\/de\/wp-json\/wp\/v2\/types\/page"}],"author":[{"embeddable":true,"href":"https:\/\/www.dussaiga.it\/de\/wp-json\/wp\/v2\/users\/6"}],"replies":[{"embeddable":true,"href":"https:\/\/www.dussaiga.it\/de\/wp-json\/wp\/v2\/comments?post=4171"}],"version-history":[{"count":2,"href":"https:\/\/www.dussaiga.it\/de\/wp-json\/wp\/v2\/pages\/4171\/revisions"}],"predecessor-version":[{"id":4182,"href":"https:\/\/www.dussaiga.it\/de\/wp-json\/wp\/v2\/pages\/4171\/revisions\/4182"}],"wp:attachment":[{"href":"https:\/\/www.dussaiga.it\/de\/wp-json\/wp\/v2\/media?parent=4171"}],"curies":[{"name":"wp","href":"https:\/\/api.w.org\/{rel}","templated":true}]}}