{"id":1812,"date":"2018-07-02T14:34:46","date_gmt":"2018-07-02T14:34:46","guid":{"rendered":"https:\/\/www.dussaiga.it\/?page_id=1812"},"modified":"2024-08-19T15:06:25","modified_gmt":"2024-08-19T15:06:25","slug":"privacy-policy","status":"publish","type":"page","link":"https:\/\/www.dussaiga.it\/de\/privacy-policy\/","title":{"rendered":"Privacy Policy"},"content":{"rendered":"<div class=\"fusion-fullwidth fullwidth-box fusion-builder-row-1 nonhundred-percent-fullwidth non-hundred-percent-height-scrolling\" style=\"--awb-border-radius-top-left:0px;--awb-border-radius-top-right:0px;--awb-border-radius-bottom-right:0px;--awb-border-radius-bottom-left:0px;--awb-flex-wrap:wrap;\" ><div class=\"fusion-builder-row fusion-row\"><div class=\"fusion-layout-column fusion_builder_column fusion-builder-column-0 fusion_builder_column_1_1 1_1 fusion-one-full fusion-column-first fusion-column-last\" style=\"--awb-bg-size:cover;--awb-margin-bottom:0px;\"><div class=\"fusion-column-wrapper fusion-flex-column-wrapper-legacy\"><div class=\"fusion-text fusion-text-1\"><h1 class=\"privacy-policy-h1\">Datenschutzrichtlinie<\/h1>\n<p>Zuletzt aktualisiert am 19. August 2024<\/p>\n<p>G\u00fcltig ab 19. August 2024<\/p>\n<p class=\"privacy-policy-p\">Diese Datenschutzrichtlinie beschreibt die Richtlinien von Dussaiga Holiday Apartments, via San Bernardo, 1, Dolceacqua (IM) 18035, Italien, E-Mail: info@dussaiga.it, Telefon: 338.7055820 zur Erfassung, Verwendung und Offenlegung Ihrer Daten, die wir erfassen, wenn Sie unsere Website (https:\/\/www.dussaiga.it) nutzen. (der \u201eDienst\u201c). Indem Sie auf den Dienst zugreifen oder ihn nutzen, stimmen Sie der Erfassung, Verwendung und Offenlegung Ihrer Daten gem\u00e4\u00df dieser Datenschutzrichtlinie zu. Wenn Sie dem nicht zustimmen, greifen Sie bitte nicht auf den Dienst zu und nutzen Sie ihn nicht.<\/p>\n<p class=\"privacy-policy-p\">Wir k\u00f6nnen diese Datenschutzrichtlinie jederzeit ohne vorherige Ank\u00fcndigung \u00e4ndern und werden die \u00fcberarbeitete Datenschutzrichtlinie im Service ver\u00f6ffentlichen. Die \u00fcberarbeitete Richtlinie tritt 180 Tage nach Ver\u00f6ffentlichung im Service in Kraft. Wenn Sie nach Ablauf dieser Frist weiterhin auf den Service zugreifen oder ihn nutzen, gilt dies als Zustimmung zu der \u00fcberarbeiteten Datenschutzrichtlinie. Wir empfehlen Ihnen daher, diese Seite regelm\u00e4\u00dfig zu \u00fcberpr\u00fcfen.<\/p>\n<ol class=\"privacy-policy-ol\">\n<li>\n<h2 class=\"privacy-policy-h2\">So verwenden wir Ihre Informationen:<\/h2>\n<p class=\"privacy-policy-p\">Wir verwenden die \u00fcber Sie gesammelten Informationen f\u00fcr die folgenden Zwecke:<\/p>\n<ol class=\"privacy-policy-ol\">\n<li>Verwaltungsinformationen<\/li>\n<li>Standortschutz<\/li>\n<\/ol>\n<p class=\"privacy-policy-p\">Wenn wir Ihre Daten zu anderen Zwecken nutzen m\u00f6chten, bitten wir Sie um Ihre Einwilligung. Wir nutzen Ihre Daten nur, wenn Sie uns Ihre Einwilligung erteilt haben, und dann nur f\u00fcr die Zwecke, f\u00fcr die Sie Ihre Einwilligung erteilt haben, es sei denn, wir sind gesetzlich zu einer anderen Vorgehensweise verpflichtet.<\/p>\n<\/li>\n<li>\n<h2 class=\"privacy-policy-h2\">So geben wir Ihre Informationen weiter:<\/h2>\n<p class=\"privacy-policy-p\">Wir geben Ihre personenbezogenen Daten nicht ohne Ihre Einwilligung an Dritte weiter, au\u00dfer in den nachstehend beschriebenen begrenzten F\u00e4llen:<\/p>\n<ol class=\"privacy-policy-ol\">\n<li>Analyse<\/li>\n<\/ol>\n<p class=\"privacy-policy-p\">Wir verlangen von diesen Dritten, dass sie die ihnen \u00fcbermittelten personenbezogenen Daten nur f\u00fcr den Zweck verwenden, f\u00fcr den sie \u00fcbermittelt wurden, und sie nicht l\u00e4nger aufbewahren, als dies zur Erf\u00fcllung des genannten Zwecks erforderlich ist.<\/p>\n<p class=\"privacy-policy-p\">Wir k\u00f6nnen Ihre personenbezogenen Daten auch f\u00fcr folgende Zwecke offenlegen: (1) zur Einhaltung geltender Gesetze, Bestimmungen, Gerichtsbeschl\u00fcsse oder anderer Rechtsverfahren; (2) zur Durchsetzung Ihrer Vereinbarungen mit uns, einschlie\u00dflich dieser Datenschutzrichtlinie; oder (3) als Reaktion auf Behauptungen, dass Ihre Nutzung des Dienstes Rechte Dritter verletzt. Wenn der Dienst oder unser Unternehmen mit einem anderen Unternehmen fusioniert oder von diesem \u00fcbernommen wird, geh\u00f6ren Ihre Daten zu den Verm\u00f6genswerten, die an den neuen Eigent\u00fcmer \u00fcbertragen werden.<\/p>\n<\/li>\n<li>\n<h2 class=\"privacy-policy-h2\">Ihre Rechte:<\/h2>\n<p class=\"privacy-policy-p\">Abh\u00e4ngig vom geltenden Gesetz haben Sie m\u00f6glicherweise das Recht, auf Ihre personenbezogenen Daten zuzugreifen und diese zu korrigieren oder zu l\u00f6schen oder eine Kopie Ihrer personenbezogenen Daten zu erhalten, die aktive Verarbeitung Ihrer Daten einzuschr\u00e4nken oder ihr zu widersprechen, uns aufzufordern, Ihre personenbezogenen Daten an eine andere Stelle weiterzugeben (zu \u00fcbertragen), Ihre Einwilligung zur Verarbeitung Ihrer Daten zu widerrufen, eine Beschwerde bei einer gesetzlichen Beh\u00f6rde einzureichen und andere Rechte, die nach geltendem Recht relevant sein k\u00f6nnen. Um diese Rechte auszu\u00fcben, k\u00f6nnen Sie uns unter info@dussaiga.it schreiben. Wir werden auf Ihre Anfrage gem\u00e4\u00df geltendem Recht antworten.<\/p>\n<p class=\"privacy-policy-p\">Bitte beachten Sie: Wenn Sie uns die Erfassung oder Verarbeitung der erforderlichen personenbezogenen Daten nicht gestatten oder Ihre Zustimmung zur Verarbeitung dieser Daten f\u00fcr die erforderlichen Zwecke widerrufen, k\u00f6nnen Sie m\u00f6glicherweise nicht auf die Dienste zugreifen oder diese nutzen, f\u00fcr die Ihre Daten abgefragt wurden.<\/p>\n<\/li>\n<li>\n<h2 class=\"privacy-policy-h2\">Cookies usw.<\/h2>\n<p class=\"privacy-policy-p\">Weitere Informationen zur Verwendung dieser Technologien und zu Ihren Auswahlm\u00f6glichkeiten in Bezug auf diese Tracking-Technologien finden Sie in unserer <a href=\"https:\/\/www.dussaiga.it\/cookie-policy\">Cookie-Richtlinie.<\/a><\/p>\n<\/li>\n<li>\n<h2 class=\"privacy-policy-h2\">Sicherheit:<\/h2>\n<p class=\"privacy-policy-p\">LDie Sicherheit Ihrer Daten ist uns wichtig und wir ergreifen angemessene Sicherheitsma\u00dfnahmen, um den Verlust, Missbrauch oder die unbefugte \u00c4nderung Ihrer Daten in unserem Besitz zu verhindern. Angesichts der damit verbundenen Risiken k\u00f6nnen wir jedoch keine absolute Sicherheit garantieren und k\u00f6nnen daher die Sicherheit der von Ihnen an uns \u00fcbermittelten Daten nicht gew\u00e4hrleisten oder garantieren. Sie \u00fcbermitteln diese Daten auf eigenes Risiko.<\/p>\n<\/li>\n<li>\n<h2 class=\"privacy-policy-h2\">Links von Drittanbietern und Verwendung Ihrer Informationen:<\/h2>\n<p class=\"privacy-policy-p\"> Unser Service kann Links zu anderen Websites enthalten, die nicht von uns betrieben werden. Diese Datenschutzrichtlinie bezieht sich nicht auf die Datenschutzrichtlinien und andere Praktiken von Drittanbietern, einschlie\u00dflich Drittanbietern, die Websites oder Dienste betreiben, die \u00fcber einen Link im Service zug\u00e4nglich sein k\u00f6nnen. Wir empfehlen Ihnen dringend, die Datenschutzrichtlinien aller von Ihnen besuchten Websites zu \u00fcberpr\u00fcfen. Wir haben keine Kontrolle \u00fcber und \u00fcbernehmen keine Verantwortung f\u00fcr den Inhalt, die Datenschutzrichtlinien oder Praktiken von Websites oder Diensten Dritter.<\/p>\n<\/li>\n<li>\n<h2 class=\"privacy-policy-h2\">Beschwerde-\/Datenschutzbeauftragter:<\/h2>\n<p class=\"privacy-policy-p\">Wenn Sie Fragen oder Bedenken hinsichtlich der Verarbeitung Ihrer bei uns verf\u00fcgbaren Daten haben, k\u00f6nnen Sie sich per E-Mail an unseren Beschwerdebeauftragten bei Dussaiga Holiday Apartments, Via San Bernardo 1, E-Mail: info@dussaiga.it wenden. Wir werden Ihre Bedenken gem\u00e4\u00df geltendem Recht behandeln.<\/p>\n<\/li>\n<\/ol>\n<p class=\"privacy-policy-p\">Datenschutzerkl\u00e4rung erstellt mit <a href=\"https:\/\/www.cookieyes.com\/?utm_source=PP&amp;utm_medium=footer&amp;utm_campaign=UW\" target=\"_blank\" rel=\"noopener\">CookieYes<\/a>.<\/p>\n<\/div><div class=\"fusion-clearfix\"><\/div><\/div><\/div><\/div><\/div>\n","protected":false},"excerpt":{"rendered":"","protected":false},"author":1,"featured_media":0,"parent":0,"menu_order":0,"comment_status":"closed","ping_status":"closed","template":"","meta":{"footnotes":""},"yoast_head":"<!-- This site is optimized with the Yoast SEO plugin v22.9 - https:\/\/yoast.com\/wordpress\/plugins\/seo\/ -->\n<title>Privacy Policy - Dussaiga - Bed &amp; breakfast<\/title>\n<meta name=\"robots\" content=\"index, follow, max-snippet:-1, max-image-preview:large, max-video-preview:-1\" \/>\n<link rel=\"canonical\" href=\"https:\/\/www.dussaiga.it\/de\/privacy-policy\/\" \/>\n<meta property=\"og:locale\" content=\"de_DE\" \/>\n<meta property=\"og:type\" content=\"article\" \/>\n<meta property=\"og:title\" content=\"Privacy Policy - Dussaiga - Bed &amp; breakfast\" \/>\n<meta property=\"og:url\" content=\"https:\/\/www.dussaiga.it\/de\/privacy-policy\/\" \/>\n<meta property=\"og:site_name\" content=\"Dussaiga - Bed &amp; breakfast\" \/>\n<meta property=\"article:modified_time\" content=\"2024-08-19T15:06:25+00:00\" \/>\n<meta name=\"twitter:card\" content=\"summary_large_image\" \/>\n<meta name=\"twitter:label1\" content=\"Gesch\u00e4tzte Lesezeit\" \/>\n\t<meta name=\"twitter:data1\" content=\"5\u00a0Minuten\" \/>\n<script type=\"application\/ld+json\" class=\"yoast-schema-graph\">{\"@context\":\"https:\/\/schema.org\",\"@graph\":[{\"@type\":\"WebPage\",\"@id\":\"https:\/\/www.dussaiga.it\/de\/privacy-policy\/\",\"url\":\"https:\/\/www.dussaiga.it\/de\/privacy-policy\/\",\"name\":\"Privacy Policy - Dussaiga - Bed &amp; breakfast\",\"isPartOf\":{\"@id\":\"https:\/\/www.dussaiga.it\/#website\"},\"datePublished\":\"2018-07-02T14:34:46+00:00\",\"dateModified\":\"2024-08-19T15:06:25+00:00\",\"breadcrumb\":{\"@id\":\"https:\/\/www.dussaiga.it\/de\/privacy-policy\/#breadcrumb\"},\"inLanguage\":\"de\",\"potentialAction\":[{\"@type\":\"ReadAction\",\"target\":[\"https:\/\/www.dussaiga.it\/de\/privacy-policy\/\"]}]},{\"@type\":\"BreadcrumbList\",\"@id\":\"https:\/\/www.dussaiga.it\/de\/privacy-policy\/#breadcrumb\",\"itemListElement\":[{\"@type\":\"ListItem\",\"position\":1,\"name\":\"Home\",\"item\":\"https:\/\/www.dussaiga.it\/de\/\"},{\"@type\":\"ListItem\",\"position\":2,\"name\":\"Privacy Policy\"}]},{\"@type\":\"WebSite\",\"@id\":\"https:\/\/www.dussaiga.it\/#website\",\"url\":\"https:\/\/www.dussaiga.it\/\",\"name\":\"Dussaiga - Bed &amp; breakfast\",\"description\":\"Dussaiga - Bed &amp; breakfast a Dolceacqua, Imperia - Home and room holidays in Dolceacqua, Imperia, Italy\",\"potentialAction\":[{\"@type\":\"SearchAction\",\"target\":{\"@type\":\"EntryPoint\",\"urlTemplate\":\"https:\/\/www.dussaiga.it\/?s={search_term_string}\"},\"query-input\":\"required name=search_term_string\"}],\"inLanguage\":\"de\"}]}<\/script>\n<!-- \/ Yoast SEO plugin. -->","yoast_head_json":{"title":"Privacy Policy - Dussaiga - Bed &amp; breakfast","robots":{"index":"index","follow":"follow","max-snippet":"max-snippet:-1","max-image-preview":"max-image-preview:large","max-video-preview":"max-video-preview:-1"},"canonical":"https:\/\/www.dussaiga.it\/de\/privacy-policy\/","og_locale":"de_DE","og_type":"article","og_title":"Privacy Policy - Dussaiga - Bed &amp; breakfast","og_url":"https:\/\/www.dussaiga.it\/de\/privacy-policy\/","og_site_name":"Dussaiga - Bed &amp; breakfast","article_modified_time":"2024-08-19T15:06:25+00:00","twitter_card":"summary_large_image","twitter_misc":{"Gesch\u00e4tzte Lesezeit":"5\u00a0Minuten"},"schema":{"@context":"https:\/\/schema.org","@graph":[{"@type":"WebPage","@id":"https:\/\/www.dussaiga.it\/de\/privacy-policy\/","url":"https:\/\/www.dussaiga.it\/de\/privacy-policy\/","name":"Privacy Policy - Dussaiga - Bed &amp; breakfast","isPartOf":{"@id":"https:\/\/www.dussaiga.it\/#website"},"datePublished":"2018-07-02T14:34:46+00:00","dateModified":"2024-08-19T15:06:25+00:00","breadcrumb":{"@id":"https:\/\/www.dussaiga.it\/de\/privacy-policy\/#breadcrumb"},"inLanguage":"de","potentialAction":[{"@type":"ReadAction","target":["https:\/\/www.dussaiga.it\/de\/privacy-policy\/"]}]},{"@type":"BreadcrumbList","@id":"https:\/\/www.dussaiga.it\/de\/privacy-policy\/#breadcrumb","itemListElement":[{"@type":"ListItem","position":1,"name":"Home","item":"https:\/\/www.dussaiga.it\/de\/"},{"@type":"ListItem","position":2,"name":"Privacy Policy"}]},{"@type":"WebSite","@id":"https:\/\/www.dussaiga.it\/#website","url":"https:\/\/www.dussaiga.it\/","name":"Dussaiga - Bed &amp; breakfast","description":"Dussaiga - Bed &amp; breakfast a Dolceacqua, Imperia - Home and room holidays in Dolceacqua, Imperia, Italy","potentialAction":[{"@type":"SearchAction","target":{"@type":"EntryPoint","urlTemplate":"https:\/\/www.dussaiga.it\/?s={search_term_string}"},"query-input":"required name=search_term_string"}],"inLanguage":"de"}]}},"_links":{"self":[{"href":"https:\/\/www.dussaiga.it\/de\/wp-json\/wp\/v2\/pages\/1812"}],"collection":[{"href":"https:\/\/www.dussaiga.it\/de\/wp-json\/wp\/v2\/pages"}],"about":[{"href":"https:\/\/www.dussaiga.it\/de\/wp-json\/wp\/v2\/types\/page"}],"author":[{"embeddable":true,"href":"https:\/\/www.dussaiga.it\/de\/wp-json\/wp\/v2\/users\/1"}],"replies":[{"embeddable":true,"href":"https:\/\/www.dussaiga.it\/de\/wp-json\/wp\/v2\/comments?post=1812"}],"version-history":[{"count":5,"href":"https:\/\/www.dussaiga.it\/de\/wp-json\/wp\/v2\/pages\/1812\/revisions"}],"predecessor-version":[{"id":4165,"href":"https:\/\/www.dussaiga.it\/de\/wp-json\/wp\/v2\/pages\/1812\/revisions\/4165"}],"wp:attachment":[{"href":"https:\/\/www.dussaiga.it\/de\/wp-json\/wp\/v2\/media?parent=1812"}],"curies":[{"name":"wp","href":"https:\/\/api.w.org\/{rel}","templated":true}]}}